{"id":17,"date":"2020-03-21T03:38:05","date_gmt":"2020-03-21T03:38:05","guid":{"rendered":"http:\/\/test.colegiolasalledepuebla.edu.mx\/wordpress\/?page_id=17"},"modified":"2021-02-23T19:57:40","modified_gmt":"2021-02-24T01:57:40","slug":"preescolar","status":"publish","type":"page","link":"https:\/\/test.colegiolasalledepuebla.edu.mx\/wordpress\/preescolar\/","title":{"rendered":"Preescolar"},"content":{"rendered":"\n<h2 class=\"wp-block-heading\"><strong>OBJETIVOS Y PLAN DE ESTUDIOS<\/strong><\/h2>\n\n\n\n<h4 class=\"wp-block-heading\">Objetivo<\/h4>\n\n\n\n<p>El Colegio la Salle de Puebla a trav\u00e9s del personal del Preescolar apoya en la construcci\u00f3n de personas \u00edntegras, equilibradas y felices; que les permita reconocerse lasallistas y miembros de la sociedad, as\u00ed mismo colaborar para que los&nbsp; ni\u00f1os adquieran la capacidad de tomar decisiones y resolver situaciones de acuerdo a su edad.<\/p>\n\n\n\n<figure class=\"wp-block-image\"><img decoding=\"async\" src=\"https:\/\/static.wixstatic.com\/media\/b1c570_818548f43cb04c1c9cf9184f43bec013~mv2.png\/v1\/fill\/w_692,h_415,al_c,q_85,usm_0.66_1.00_0.01\/Preescolar-frente1.webp\" alt=\"Preescolar-frente1.png\"\/><\/figure>\n\n\n\n<h4 class=\"wp-block-heading\">Plan de Estudios<\/h4>\n\n\n\n<p>Basado en las metas establecidas se trabaja por competencias un programa que genera estimulaci\u00f3n sistem\u00e1tica, organizada, atractiva y adecuada a la edad de los ni\u00f1os, cubriendo aspectos de: formaci\u00f3n humana y cristiana, habilidades del pensamiento, psicomotriz, comunicaci\u00f3n, arte, tecnolog\u00eda, ingl\u00e9s y franc\u00e9s.<\/p>\n\n\n\n<p>\u200bCLAVE SEP:\u00a0Preescolar 21PJN0962B<\/p>\n","protected":false},"excerpt":{"rendered":"<p>OBJETIVOS Y PLAN DE ESTUDIOS Objetivo El Colegio la Salle de Puebla a trav\u00e9s del personal del Preescolar apoya en la construcci\u00f3n de personas \u00edntegras, equilibradas y felices; que les permita reconocerse lasallistas y miembros de la sociedad, as\u00ed mismo colaborar para que los&nbsp; ni\u00f1os adquieran la capacidad de tomar decisiones y resolver situaciones de acuerdo a su edad. Plan de Estudios Basado en las metas establecidas se trabaja por competencias un programa que genera estimulaci\u00f3n sistem\u00e1tica, organizada, atractiva y adecuada a la edad de los ni\u00f1os, cubriendo aspectos de:&hellip;<\/p>\n","protected":false},"author":1,"featured_media":0,"parent":0,"menu_order":0,"comment_status":"closed","ping_status":"closed","template":"","meta":[],"_links":{"self":[{"href":"https:\/\/test.colegiolasalledepuebla.edu.mx\/wordpress\/wp-json\/wp\/v2\/pages\/17"}],"collection":[{"href":"https:\/\/test.colegiolasalledepuebla.edu.mx\/wordpress\/wp-json\/wp\/v2\/pages"}],"about":[{"href":"https:\/\/test.colegiolasalledepuebla.edu.mx\/wordpress\/wp-json\/wp\/v2\/types\/page"}],"author":[{"embeddable":true,"href":"https:\/\/test.colegiolasalledepuebla.edu.mx\/wordpress\/wp-json\/wp\/v2\/users\/1"}],"replies":[{"embeddable":true,"href":"https:\/\/test.colegiolasalledepuebla.edu.mx\/wordpress\/wp-json\/wp\/v2\/comments?post=17"}],"version-history":[{"count":3,"href":"https:\/\/test.colegiolasalledepuebla.edu.mx\/wordpress\/wp-json\/wp\/v2\/pages\/17\/revisions"}],"predecessor-version":[{"id":401,"href":"https:\/\/test.colegiolasalledepuebla.edu.mx\/wordpress\/wp-json\/wp\/v2\/pages\/17\/revisions\/401"}],"wp:attachment":[{"href":"https:\/\/test.colegiolasalledepuebla.edu.mx\/wordpress\/wp-json\/wp\/v2\/media?parent=17"}],"curies":[{"name":"wp","href":"https:\/\/api.w.org\/{rel}","templated":true}]}}