{"id":18,"date":"2020-03-21T03:38:05","date_gmt":"2020-03-21T03:38:05","guid":{"rendered":"http:\/\/test.colegiolasalledepuebla.edu.mx\/wordpress\/?page_id=18"},"modified":"2021-02-23T19:54:44","modified_gmt":"2021-02-24T01:54:44","slug":"primaria","status":"publish","type":"page","link":"https:\/\/test.colegiolasalledepuebla.edu.mx\/wordpress\/primaria\/","title":{"rendered":"Primaria"},"content":{"rendered":"\n<h2 class=\"wp-block-heading\"><strong>OBJETIVOS Y PLAN DE ESTUDIOS<\/strong><\/h2>\n\n\n\n<h4 class=\"wp-block-heading\">Objetivo<\/h4>\n\n\n\n<p>Que el alumno se desarrolle integralmente (intelectual, social, f\u00edsica, emocional y espiritualmente). Forjar en nuestros alumnos el sentido de compromiso, as\u00ed como de calidad humana y acad\u00e9mica en su ense\u00f1anza diaria.<\/p>\n\n\n\n<p>\u200bA trav\u00e9s de nuestro plan curricular promovemos una formaci\u00f3n integral acad\u00e9mica, art\u00edstica, deportiva y cultural que permite a nuestros estudiantes estar a la vanguardia en conocimientos, practicando valores universales e involucrando a los Padres de Familia mediante acciones de aprendizaje positivas.<\/p>\n\n\n\n<figure class=\"wp-block-image\"><img decoding=\"async\" src=\"https:\/\/static.wixstatic.com\/media\/b1c570_241dcba5e147464eb4846cf648b60e4e~mv2.png\/v1\/fill\/w_692,h_415,al_c,q_85,usm_0.66_1.00_0.01\/PRIMARIA-frente-3.webp\" alt=\"PRIMARIA-frente-3.png\"\/><\/figure>\n\n\n\n<h4 class=\"wp-block-heading\">Plan de Estudios<\/h4>\n\n\n\n<p>Impartimos las materias de acuerdo a lo estipulado en el programa de SEP complementando la educaci\u00f3n de nuestros alumnos con clases especiales:\u200b<\/p>\n\n\n\n<ul><li>Ingl\u00e9s, los alumnos tienen 6 periodos de ingl\u00e9s a la semana y se forman grupos especiales en 6\u00b0, en el que los alumnos, de acuerdo a su nivel, se pueden certificar seg\u00fan el programa de Cambridge.<\/li><li>Computaci\u00f3n, rob\u00f3tica y dise\u00f1o.<\/li><li>Formaci\u00f3n humana.<\/li><li>Lectura Inteligente.<\/li><li>Actividades extracurriculares.<\/li><\/ul>\n\n\n\n<p>\u200bCLAVE SEP:\u00a0Primaria 21PPR0348E<\/p>\n","protected":false},"excerpt":{"rendered":"<p>OBJETIVOS Y PLAN DE ESTUDIOS Objetivo Que el alumno se desarrolle integralmente (intelectual, social, f\u00edsica, emocional y espiritualmente). Forjar en nuestros alumnos el sentido de compromiso, as\u00ed como de calidad humana y acad\u00e9mica en su ense\u00f1anza diaria. \u200bA trav\u00e9s de nuestro plan curricular promovemos una formaci\u00f3n integral acad\u00e9mica, art\u00edstica, deportiva y cultural que permite a nuestros estudiantes estar a la vanguardia en conocimientos, practicando valores universales e involucrando a los Padres de Familia mediante acciones de aprendizaje positivas. Plan de Estudios Impartimos las materias de acuerdo a lo estipulado en&hellip;<\/p>\n","protected":false},"author":1,"featured_media":0,"parent":0,"menu_order":0,"comment_status":"closed","ping_status":"closed","template":"","meta":[],"_links":{"self":[{"href":"https:\/\/test.colegiolasalledepuebla.edu.mx\/wordpress\/wp-json\/wp\/v2\/pages\/18"}],"collection":[{"href":"https:\/\/test.colegiolasalledepuebla.edu.mx\/wordpress\/wp-json\/wp\/v2\/pages"}],"about":[{"href":"https:\/\/test.colegiolasalledepuebla.edu.mx\/wordpress\/wp-json\/wp\/v2\/types\/page"}],"author":[{"embeddable":true,"href":"https:\/\/test.colegiolasalledepuebla.edu.mx\/wordpress\/wp-json\/wp\/v2\/users\/1"}],"replies":[{"embeddable":true,"href":"https:\/\/test.colegiolasalledepuebla.edu.mx\/wordpress\/wp-json\/wp\/v2\/comments?post=18"}],"version-history":[{"count":11,"href":"https:\/\/test.colegiolasalledepuebla.edu.mx\/wordpress\/wp-json\/wp\/v2\/pages\/18\/revisions"}],"predecessor-version":[{"id":395,"href":"https:\/\/test.colegiolasalledepuebla.edu.mx\/wordpress\/wp-json\/wp\/v2\/pages\/18\/revisions\/395"}],"wp:attachment":[{"href":"https:\/\/test.colegiolasalledepuebla.edu.mx\/wordpress\/wp-json\/wp\/v2\/media?parent=18"}],"curies":[{"name":"wp","href":"https:\/\/api.w.org\/{rel}","templated":true}]}}