{"id":19,"date":"2020-03-21T03:38:05","date_gmt":"2020-03-21T03:38:05","guid":{"rendered":"http:\/\/test.colegiolasalledepuebla.edu.mx\/wordpress\/?page_id=19"},"modified":"2021-02-23T19:47:50","modified_gmt":"2021-02-24T01:47:50","slug":"secundaria","status":"publish","type":"page","link":"https:\/\/test.colegiolasalledepuebla.edu.mx\/wordpress\/secundaria\/","title":{"rendered":"Secundaria"},"content":{"rendered":"\n<h2 class=\"wp-block-heading\"><strong>OBJETIVOS Y PLAN DE ESTUDIOS<\/strong><\/h2>\n\n\n\n<h4 class=\"wp-block-heading\">Objetivo<\/h4>\n\n\n\n<p>Formar alumnos competentes, con niveles acad\u00e9micos de excelencia y preparados para afrontar las situaciones que se presenten en esta etapa de su vida; con pensamiento cr\u00edtico y reflexivo, que les permita tomar decisiones con mayor claridad, a trav\u00e9s de la pr\u00e1ctica de valores, como promotores de justicia y paz; mediante el acompa\u00f1amiento en su desarrollo integral.<\/p>\n\n\n\n<figure class=\"wp-block-image\"><img decoding=\"async\" src=\"https:\/\/static.wixstatic.com\/media\/b1c570_8d50613fad6b4cfca324b23cb3b60c45~mv2.png\/v1\/fill\/w_692,h_415,al_c,q_85,usm_0.66_1.00_0.01\/secundaria2-frente-3.webp\" alt=\"secundaria2-frente-3.png\"\/><\/figure>\n\n\n\n<h4 class=\"wp-block-heading\">Plan de Estudios<\/h4>\n\n\n\n<p>Nuestro sistema educativo est\u00e1 basado en el modelo constructivista \u2013 humanista, trabajo colaborativo y transversalidad de materias bajo la filosof\u00eda lasallista. Con lo anterior, se busca formar l\u00edderes aut\u00e9nticos y comprometidos con su sociedad.<\/p>\n\n\n\n<div class=\"wp-block-columns is-layout-flex wp-container-4\">\n<div class=\"wp-block-column is-layout-flow\">\n<h4 class=\"wp-block-heading\">Primero<\/h4>\n\n\n\n<p class=\"has-luminous-vivid-amber-background-color has-background\">Lengua Materna I,Ingl\u00e9s I, Matem\u00e1ticas I, Ciencia y Tecnolog\u00eda Biolog\u00eda, Tecnolog\u00eda I, Historia I, Geograf\u00eda, Formaci\u00f3n C\u00edvica y \u00c9tica I, Artes, Tutor\u00eda y Educ. Socioemocional, Educaci\u00f3n F\u00edsica, Autonom\u00eda Curricular<\/p>\n<\/div>\n\n\n\n<div class=\"wp-block-column is-layout-flow\">\n<h4 class=\"wp-block-heading\">Segundo<\/h4>\n\n\n\n<p class=\"has-luminous-vivid-orange-background-color has-background\">Lengua Materna II, Ingl\u00e9s II, Matem\u00e1ticas II, Ciencia y Tecnolog\u00eda F\u00edsica, Tecnolog\u00eda II, Historia II, Formaci\u00f3n C\u00edvica y \u00c9tica II, Artes, Tutor\u00eda y Educ. Socioemocional, Educaci\u00f3n F\u00edsica, Autonom\u00eda Curricular<\/p>\n<\/div>\n\n\n\n<div class=\"wp-block-column is-layout-flow\">\n<h4 class=\"wp-block-heading\">Tercero<\/h4>\n\n\n\n<p class=\"has-pale-cyan-blue-background-color has-background\">Lengua Materna III, Ingl\u00e9s III, Matem\u00e1ticas III, Ciencia y Tecnolog\u00eda Qu\u00edmica, Tecnolog\u00eda III, Historia III, Formaci\u00f3n C\u00edvica y \u00c9tica III, Artes, Tutor\u00eda y Educ. Socioemocional, Educaci\u00f3n F\u00edsica, Autonom\u00eda Curricular<\/p>\n<\/div>\n<\/div>\n\n\n\n<h4 class=\"wp-block-heading\">Clases Especiales<\/h4>\n\n\n\n<div class=\"wp-block-columns is-layout-flex wp-container-10\">\n<div class=\"wp-block-column is-layout-flow\" style=\"flex-basis:100%\">\n<div class=\"wp-block-columns is-layout-flex wp-container-8\">\n<div class=\"wp-block-column is-layout-flow\" style=\"flex-basis:33.34%\">\n<p class=\"has-light-green-cyan-background-color has-background\">Franc\u00e9s.<br>Danza.<br>Ajedrez<br>Rob\u00f3tica<br>Lectura Inteligente<br>TKD<\/p>\n<\/div>\n\n\n\n<div class=\"wp-block-column is-layout-flow\" style=\"flex-basis:33.34%\"><\/div>\n\n\n\n<div class=\"wp-block-column is-layout-flow\" style=\"flex-basis:33.33%\"><\/div>\n<\/div>\n<\/div>\n<\/div>\n\n\n\n<p><strong>CLAVE SEP<\/strong>:\u00a0Secundaria 21PST0002Y<\/p>\n","protected":false},"excerpt":{"rendered":"<p>OBJETIVOS Y PLAN DE ESTUDIOS Objetivo Formar alumnos competentes, con niveles acad\u00e9micos de excelencia y preparados para afrontar las situaciones que se presenten en esta etapa de su vida; con pensamiento cr\u00edtico y reflexivo, que les permita tomar decisiones con mayor claridad, a trav\u00e9s de la pr\u00e1ctica de valores, como promotores de justicia y paz; mediante el acompa\u00f1amiento en su desarrollo integral. Plan de Estudios Nuestro sistema educativo est\u00e1 basado en el modelo constructivista \u2013 humanista, trabajo colaborativo y transversalidad de materias bajo la filosof\u00eda lasallista. Con lo anterior, se&hellip;<\/p>\n","protected":false},"author":1,"featured_media":0,"parent":0,"menu_order":0,"comment_status":"closed","ping_status":"closed","template":"","meta":[],"_links":{"self":[{"href":"https:\/\/test.colegiolasalledepuebla.edu.mx\/wordpress\/wp-json\/wp\/v2\/pages\/19"}],"collection":[{"href":"https:\/\/test.colegiolasalledepuebla.edu.mx\/wordpress\/wp-json\/wp\/v2\/pages"}],"about":[{"href":"https:\/\/test.colegiolasalledepuebla.edu.mx\/wordpress\/wp-json\/wp\/v2\/types\/page"}],"author":[{"embeddable":true,"href":"https:\/\/test.colegiolasalledepuebla.edu.mx\/wordpress\/wp-json\/wp\/v2\/users\/1"}],"replies":[{"embeddable":true,"href":"https:\/\/test.colegiolasalledepuebla.edu.mx\/wordpress\/wp-json\/wp\/v2\/comments?post=19"}],"version-history":[{"count":10,"href":"https:\/\/test.colegiolasalledepuebla.edu.mx\/wordpress\/wp-json\/wp\/v2\/pages\/19\/revisions"}],"predecessor-version":[{"id":388,"href":"https:\/\/test.colegiolasalledepuebla.edu.mx\/wordpress\/wp-json\/wp\/v2\/pages\/19\/revisions\/388"}],"wp:attachment":[{"href":"https:\/\/test.colegiolasalledepuebla.edu.mx\/wordpress\/wp-json\/wp\/v2\/media?parent=19"}],"curies":[{"name":"wp","href":"https:\/\/api.w.org\/{rel}","templated":true}]}}