{"id":20,"date":"2020-03-21T03:38:05","date_gmt":"2020-03-21T03:38:05","guid":{"rendered":"http:\/\/test.colegiolasalledepuebla.edu.mx\/wordpress\/?page_id=20"},"modified":"2021-02-22T13:56:36","modified_gmt":"2021-02-22T19:56:36","slug":"coordinaciones","status":"publish","type":"page","link":"https:\/\/test.colegiolasalledepuebla.edu.mx\/wordpress\/coordinaciones\/","title":{"rendered":"Coordinaciones"},"content":{"rendered":"\n<h6 class=\"wp-block-heading\"><strong>PASTORAL<\/strong><\/h6>\n\n\n\n<p>El Departamento de Pastoral tiene como objetivo acompa\u00f1ar a la Comunidad Educativa hacia la vivencia madura de la fe cristiana en el \u00e1mbito lasallista, propiciando experiencias significativas de encuentro con Dios, con ellos mismos y con su entorno, con la finalidad de que puedan profundizar, vivir, compartir y celebrar su fe, comprometi\u00e9ndose con el servicio a los dem\u00e1s para la construcci\u00f3n de una sociedad m\u00e1s justa, fraterna e incluyente.<\/p>\n\n\n\n<p>El reto principal de esta \u00e1rea es proyectar la vivencia de los valores lasallistas a nuestra sociedad, mediante el testimonio de vida de cada uno de los que integramos la Comunidad del Colegio La Salle de Puebla, teniendo como caracter\u00edstica principal la sensibilizaci\u00f3n ante las necesidades del pr\u00f3jimo, dando respuesta a ellas desde acciones concretas que contribuyan a la construcci\u00f3n de una sociedad en la que se viva la justicia y la paz.<\/p>\n\n\n\n<h6 class=\"wp-block-heading\"><strong>IDIOMAS<\/strong><\/h6>\n\n\n\n<p>Aprender otro idioma abre muchas puertas y nos da una perspectiva diferente de la vida. En el Colegio La Salle de Puebla preparamos a nuestros estudiantes para que tengan dominio del idioma y apliquen en su vida diaria lo que aprenden en clase. Nos respaldan la calidad acad\u00e9mica, la capacitaci\u00f3n constante, y las certificaciones de todos nuestros docentes.<\/p>\n\n\n\n<h6 class=\"wp-block-heading\"><strong>PSICOPEDAGOG\u00cdA<\/strong><\/h6>\n\n\n\n<p>El Colegio La Salle de Puebla se fortalece con el Acompa\u00f1amiento pedag\u00f3gico, quien tiene por objetivo brindar la orientaci\u00f3n pedag\u00f3gica a la comunidad educativa para promover la formaci\u00f3n integral de los alumnos. Desde esta \u00e1rea se gestan los planes de estudio, las actualizaciones e innovaciones pedag\u00f3gicas para que nuestros alumnos reciban la mejor educaci\u00f3n fundamentada en valores.<\/p>\n\n\n\n<p>La atenci\u00f3n que damos a nuestros alumnos abarca las distintas dimensiones del ser humano, de ah\u00ed la importancia de nuestro acompa\u00f1amiento en esta \u00e1rea, que tiene por objetivo brindar a los alumnos y educadores del Colegio La Salle de Puebla, la orientaci\u00f3n psicol\u00f3gica y enfoques de la psicolog\u00eda del aprendizaje, que contribuyan al bienestar y aprendizaje individual y grupal, garantizando el apego al Modelo Educativo Institucional.<\/p>\n","protected":false},"excerpt":{"rendered":"<p>PASTORAL El Departamento de Pastoral tiene como objetivo acompa\u00f1ar a la Comunidad Educativa hacia la vivencia madura de la fe cristiana en el \u00e1mbito lasallista, propiciando experiencias significativas de encuentro con Dios, con ellos mismos y con su entorno, con la finalidad de que puedan profundizar, vivir, compartir y celebrar su fe, comprometi\u00e9ndose con el servicio a los dem\u00e1s para la construcci\u00f3n de una sociedad m\u00e1s justa, fraterna e incluyente. El reto principal de esta \u00e1rea es proyectar la vivencia de los valores lasallistas a nuestra sociedad, mediante el testimonio&hellip;<\/p>\n","protected":false},"author":1,"featured_media":0,"parent":0,"menu_order":0,"comment_status":"closed","ping_status":"closed","template":"","meta":[],"_links":{"self":[{"href":"https:\/\/test.colegiolasalledepuebla.edu.mx\/wordpress\/wp-json\/wp\/v2\/pages\/20"}],"collection":[{"href":"https:\/\/test.colegiolasalledepuebla.edu.mx\/wordpress\/wp-json\/wp\/v2\/pages"}],"about":[{"href":"https:\/\/test.colegiolasalledepuebla.edu.mx\/wordpress\/wp-json\/wp\/v2\/types\/page"}],"author":[{"embeddable":true,"href":"https:\/\/test.colegiolasalledepuebla.edu.mx\/wordpress\/wp-json\/wp\/v2\/users\/1"}],"replies":[{"embeddable":true,"href":"https:\/\/test.colegiolasalledepuebla.edu.mx\/wordpress\/wp-json\/wp\/v2\/comments?post=20"}],"version-history":[{"count":2,"href":"https:\/\/test.colegiolasalledepuebla.edu.mx\/wordpress\/wp-json\/wp\/v2\/pages\/20\/revisions"}],"predecessor-version":[{"id":318,"href":"https:\/\/test.colegiolasalledepuebla.edu.mx\/wordpress\/wp-json\/wp\/v2\/pages\/20\/revisions\/318"}],"wp:attachment":[{"href":"https:\/\/test.colegiolasalledepuebla.edu.mx\/wordpress\/wp-json\/wp\/v2\/media?parent=20"}],"curies":[{"name":"wp","href":"https:\/\/api.w.org\/{rel}","templated":true}]}}