{"id":242,"date":"2021-02-18T13:25:03","date_gmt":"2021-02-18T19:25:03","guid":{"rendered":"http:\/\/test.colegiolasalledepuebla.edu.mx\/wordpress\/?page_id=242"},"modified":"2021-02-25T10:23:46","modified_gmt":"2021-02-25T16:23:46","slug":"noticias-recientes","status":"publish","type":"page","link":"https:\/\/test.colegiolasalledepuebla.edu.mx\/wordpress\/","title":{"rendered":""},"content":{"rendered":"\n<div class=\"wp-block-columns are-vertically-aligned-top is-layout-flex wp-container-11\">\n<div class=\"wp-block-column is-vertically-aligned-top is-layout-flow\" style=\"flex-basis:100%\">\n<div class=\"wp-block-columns is-layout-flex wp-container-3\">\n<div class=\"wp-block-column is-layout-flow\">\n<div id=\"section-g1e369a\" class=\"wp-block-gutentor-e1 section-g1e369a gutentor-element gutentor-element-advanced-text\"><div class=\"gutentor-text-wrap\"><h3 class=\"gutentor-text\">Bienvenidos al Colegio <br>La Salle de Puebla\u200b<\/h3><\/div><\/div>\n\n\n\n<div id=\"section-g2d027e\" class=\"wp-block-gutentor-e0 section-g2d027e gutentor-element gutentor-element-advanced-text\"><div class=\"gutentor-text-wrap\"><p class=\"gutentor-text\">Se\u00f1ores Padres de Familia:<br><br>Conscientes de la compleja situaci\u00f3n sanitaria en la que nos encontramos, los profesores del Colegio han seguido brindando su servicio acad\u00e9mico a los estudiantes a trav\u00e9s de la plataforma institucional. Cubriendo en su totalidad los programas del presente a\u00f1o y poder acreditar el curso 2020-2021<br>\u200b<br>Agradecemos la colaboraci\u00f3n de los padres de familia para que sus hijos tomen en serio no s\u00f3lo sus actividades acad\u00e9micas sino, tambi\u00e9n, el cuidado de la salud de todos.<\/p><\/div><\/div>\n<\/div>\n\n\n\n<div class=\"wp-block-column is-layout-flow\">\n<figure class=\"wp-block-embed is-type-video is-provider-youtube wp-block-embed-youtube wp-embed-aspect-16-9 wp-has-aspect-ratio\"><div class=\"wp-block-embed__wrapper\">\n<iframe loading=\"lazy\" title=\"Colegio La Salle de Puebla\" width=\"640\" height=\"360\" src=\"https:\/\/www.youtube.com\/embed\/kSbBVFB6jMA?feature=oembed\" frameborder=\"0\" allow=\"accelerometer; autoplay; clipboard-write; encrypted-media; gyroscope; picture-in-picture\" allowfullscreen><\/iframe>\n<\/div><\/figure>\n<\/div>\n<\/div>\n\n\n\n<div class=\"wp-block-columns is-layout-flex wp-container-6\">\n<div class=\"wp-block-column is-layout-flow\">\n<h2 class=\"wp-block-heading\">#LaSalleEnCasa Mensaje de Navidad y la Pastorela 2020<\/h2>\n\n\n\n<iframe loading=\"lazy\" width=\"560\" height=\"315\" src=\"https:\/\/www.youtube.com\/embed\/HlIbAaPBtFw\" frameborder=\"0\" allow=\"accelerometer; autoplay; clipboard-write; encrypted-media; gyroscope; picture-in-picture\" allowfullscreen=\"\"><\/iframe>\n<\/div>\n\n\n\n<div class=\"wp-block-column is-layout-flow\">\n<h2 class=\"wp-block-heading\">La Salle de Puebla Construyendo futuro: Misiones 2020<\/h2>\n\n\n\n<iframe loading=\"lazy\" width=\"560\" height=\"315\" src=\"https:\/\/www.youtube.com\/embed\/rWWPtVtIe3M\" frameborder=\"0\" allow=\"accelerometer; autoplay; clipboard-write; encrypted-media; gyroscope; picture-in-picture\" allowfullscreen=\"\"><\/iframe>\n<\/div>\n<\/div>\n\n\n\n<div class=\"wp-block-group\"><div class=\"wp-block-group__inner-container is-layout-flow\">\n<div class=\"wp-block-columns is-layout-flex wp-container-8\">\n<div class=\"wp-block-column is-layout-flow\"><section class=\"gutentor-section gutentor-blog-post-wrapper blog-template1 wp-block-gutentor-blog-post\" id=\"section-463cfffe-258e-43da-8757-ee502de6aaef\" >\n<div class='grid-container'><div class=\"gutentor-block-header\"><div class=\"gutentor-section-title enable-title-design seperator-bottom text-left \"  >\n<h2 class=\"gutentor-title\">\nNoticias<\/h2>\n<\/div>\n<\/div><div class='gutentor-grid-item-wrap '  ><div class='grid-row ' ><article class='gutentor-post-has-thumb  grid-lg-6 grid-md-4 grid-12 blog-grid'><div class=\"gutentor-single-item\"><div class=\"gutentor-single-item-image-box\"><a class=\"gutentor-single-item-image-link \" href=\"https:\/\/test.colegiolasalledepuebla.edu.mx\/wordpress\/noticias\/feliz-navidad-2020-y-ano-nuevo\/\"  ><div class=\"gutentor-image-thumb\"><img width=\"898\" height=\"634\" src=\"https:\/\/test.colegiolasalledepuebla.edu.mx\/wordpress\/wp-content\/uploads\/2021\/02\/Es_una_feliz_Navidad.jpg\" class=\"attachment- size- wp-post-image\" alt=\"\" decoding=\"async\" loading=\"lazy\" srcset=\"https:\/\/test.colegiolasalledepuebla.edu.mx\/wordpress\/wp-content\/uploads\/2021\/02\/Es_una_feliz_Navidad.jpg 898w, https:\/\/test.colegiolasalledepuebla.edu.mx\/wordpress\/wp-content\/uploads\/2021\/02\/Es_una_feliz_Navidad-517x365.jpg 517w, https:\/\/test.colegiolasalledepuebla.edu.mx\/wordpress\/wp-content\/uploads\/2021\/02\/Es_una_feliz_Navidad-840x593.jpg 840w, https:\/\/test.colegiolasalledepuebla.edu.mx\/wordpress\/wp-content\/uploads\/2021\/02\/Es_una_feliz_Navidad-768x542.jpg 768w\" sizes=\"(max-width: 898px) 100vw, 898px\" \/><\/div><\/a><\/div><div class=\"gutentor-post-content\"><h3 class=\"gutentor-single-item-title\"><a href=\"https:\/\/test.colegiolasalledepuebla.edu.mx\/wordpress\/noticias\/feliz-navidad-2020-y-ano-nuevo\/\" rel=\"bookmark\">Feliz Navidad 2020 y a\u00f1o nuevo<\/a><\/h3><div class=\"entry-meta\"><div class=\"posted-on\"><i class=\"far fa-calendar-alt\"><\/i><a href=\"https:\/\/test.colegiolasalledepuebla.edu.mx\/wordpress\/noticias\/feliz-navidad-2020-y-ano-nuevo\/\" rel=\"bookmark\">22 febrero, 2021<\/a><\/div><\/div><div class=\"gutentor-post-excerpt gutentor-single-item-desc\"><p class='gutentor-single-item-desc'>&#8220;Navidad es acoger a un Dios que se hace ni\u00f1o y nos dona esperanza&#8221;\n\n\n\n\u200bLlevemos este deseo a los se&hellip;<\/p><\/div><\/div><\/div><\/article><article class='gutentor-post-has-thumb  grid-lg-6 grid-md-4 grid-12 blog-grid'><div class=\"gutentor-single-item\"><div class=\"gutentor-single-item-image-box\"><a class=\"gutentor-single-item-image-link \" href=\"https:\/\/test.colegiolasalledepuebla.edu.mx\/wordpress\/noticias\/300-anos-de-la-salle\/\"  ><div class=\"gutentor-image-thumb\"><img width=\"400\" height=\"263\" src=\"https:\/\/test.colegiolasalledepuebla.edu.mx\/wordpress\/wp-content\/uploads\/2020\/03\/300salle-2-e1584810089979.jpg\" class=\"attachment- size- wp-post-image\" alt=\"\" decoding=\"async\" loading=\"lazy\" \/><\/div><\/a><\/div><div class=\"gutentor-post-content\"><h3 class=\"gutentor-single-item-title\"><a href=\"https:\/\/test.colegiolasalledepuebla.edu.mx\/wordpress\/noticias\/300-anos-de-la-salle\/\" rel=\"bookmark\">300 a\u00f1os de La Salle<\/a><\/h3><div class=\"entry-meta\"><div class=\"posted-on\"><i class=\"far fa-calendar-alt\"><\/i><a href=\"https:\/\/test.colegiolasalledepuebla.edu.mx\/wordpress\/noticias\/300-anos-de-la-salle\/\" rel=\"bookmark\">21 marzo, 2020<\/a><\/div><\/div><div class=\"gutentor-post-excerpt gutentor-single-item-desc\"><p class='gutentor-single-item-desc'>En el a\u00f1o 2019, con motivo de la conmemoraci\u00f3n del 300\u00ba aniversario de la muerte de San Juan Bautist&hellip;<\/p><\/div><\/div><\/div><\/article><\/div><\/div><\/div><\/section><\/div>\n<\/div>\n<\/div><\/div>\n<\/div>\n<\/div>\n","protected":false},"excerpt":{"rendered":"<p>#LaSalleEnCasa Mensaje de Navidad y la Pastorela 2020 La Salle de Puebla Construyendo futuro: Misiones 2020<\/p>\n","protected":false},"author":1,"featured_media":0,"parent":0,"menu_order":0,"comment_status":"closed","ping_status":"closed","template":"","meta":[],"_links":{"self":[{"href":"https:\/\/test.colegiolasalledepuebla.edu.mx\/wordpress\/wp-json\/wp\/v2\/pages\/242"}],"collection":[{"href":"https:\/\/test.colegiolasalledepuebla.edu.mx\/wordpress\/wp-json\/wp\/v2\/pages"}],"about":[{"href":"https:\/\/test.colegiolasalledepuebla.edu.mx\/wordpress\/wp-json\/wp\/v2\/types\/page"}],"author":[{"embeddable":true,"href":"https:\/\/test.colegiolasalledepuebla.edu.mx\/wordpress\/wp-json\/wp\/v2\/users\/1"}],"replies":[{"embeddable":true,"href":"https:\/\/test.colegiolasalledepuebla.edu.mx\/wordpress\/wp-json\/wp\/v2\/comments?post=242"}],"version-history":[{"count":21,"href":"https:\/\/test.colegiolasalledepuebla.edu.mx\/wordpress\/wp-json\/wp\/v2\/pages\/242\/revisions"}],"predecessor-version":[{"id":425,"href":"https:\/\/test.colegiolasalledepuebla.edu.mx\/wordpress\/wp-json\/wp\/v2\/pages\/242\/revisions\/425"}],"wp:attachment":[{"href":"https:\/\/test.colegiolasalledepuebla.edu.mx\/wordpress\/wp-json\/wp\/v2\/media?parent=242"}],"curies":[{"name":"wp","href":"https:\/\/api.w.org\/{rel}","templated":true}]}}