{"id":285,"date":"2021-02-22T13:41:29","date_gmt":"2021-02-22T19:41:29","guid":{"rendered":"http:\/\/test.colegiolasalledepuebla.edu.mx\/wordpress\/?page_id=285"},"modified":"2021-02-22T13:44:32","modified_gmt":"2021-02-22T19:44:32","slug":"somos-clsp","status":"publish","type":"page","link":"https:\/\/test.colegiolasalledepuebla.edu.mx\/wordpress\/somos-clsp\/","title":{"rendered":"LA SALLE EN EL MUNDO"},"content":{"rendered":"\n<figure class=\"wp-block-image\"><img decoding=\"async\" src=\"https:\/\/static.wixstatic.com\/media\/b1c570_83a9dc010a124775bfff32ef0c46aa32~mv2.jpg\/v1\/fill\/w_560,h_383,al_c,lg_1,q_80\/lasalleworld.jpg\" alt=\"lasalleworld.jpg\"\/><\/figure>\n\n\n\n<p>La Salle es la comunidad educativa m\u00e1s grande del mundo, constituida por los Hermanos de las Escuelas Cristianas, por m\u00e1s de un mill\u00f3n de alumnos y m\u00e1s de 67,000 maestros en 82 pa\u00edses.&nbsp;<\/p>\n\n\n\n<p>Divididos en zonas \u00c1frica:&nbsp;<\/p>\n\n\n\n<p><strong>RELAF:<\/strong>&nbsp;R\u00e9gion Lasallista Africana Malgache.<\/p>\n\n\n\n<p>Am\u00e9rica del Norte:&nbsp;<\/p>\n\n\n\n<p><strong>RELAN:<\/strong>&nbsp;Regi\u00f3n Lasallista Am\u00e9rica del Norte.&nbsp;<\/p>\n\n\n\n<p>Am\u00e9rica Latina:&nbsp;<\/p>\n\n\n\n<p><strong>RELAL:<\/strong>&nbsp;Regi\u00f3n Latinoamericana Lasallista.&nbsp;<\/p>\n\n\n\n<p>Asia y Ocean\u00eda:&nbsp;<\/p>\n\n\n\n<p><strong>PARC:&nbsp;<\/strong>Pac\u00edfico-Asia Conferencia<br>Regional Pac\u00edfico Asia:&nbsp;<\/p>\n\n\n\n<p><strong>RELEM.<\/strong>&nbsp;Regi\u00f3n Lasallista Europa &#8211; Mediterr\u00e1neo.<\/p>\n\n\n\n<p>\u200b<\/p>\n\n\n\n<p>El Colegio La Salle de Puebla forma parte de esta obra fundada por San Juan Bautista de la Salle.<\/p>\n","protected":false},"excerpt":{"rendered":"<p>La Salle es la comunidad educativa m\u00e1s grande del mundo, constituida por los Hermanos de las Escuelas Cristianas, por m\u00e1s de un mill\u00f3n de alumnos y m\u00e1s de 67,000 maestros en 82 pa\u00edses.&nbsp; Divididos en zonas \u00c1frica:&nbsp; RELAF:&nbsp;R\u00e9gion Lasallista Africana Malgache. Am\u00e9rica del Norte:&nbsp; RELAN:&nbsp;Regi\u00f3n Lasallista Am\u00e9rica del Norte.&nbsp; Am\u00e9rica Latina:&nbsp; RELAL:&nbsp;Regi\u00f3n Latinoamericana Lasallista.&nbsp; Asia y Ocean\u00eda:&nbsp; PARC:&nbsp;Pac\u00edfico-Asia ConferenciaRegional Pac\u00edfico Asia:&nbsp; RELEM.&nbsp;Regi\u00f3n Lasallista Europa &#8211; Mediterr\u00e1neo. \u200b El Colegio La Salle de Puebla forma parte de esta obra fundada por San Juan Bautista de la Salle.<\/p>\n","protected":false},"author":1,"featured_media":0,"parent":0,"menu_order":0,"comment_status":"closed","ping_status":"closed","template":"","meta":[],"_links":{"self":[{"href":"https:\/\/test.colegiolasalledepuebla.edu.mx\/wordpress\/wp-json\/wp\/v2\/pages\/285"}],"collection":[{"href":"https:\/\/test.colegiolasalledepuebla.edu.mx\/wordpress\/wp-json\/wp\/v2\/pages"}],"about":[{"href":"https:\/\/test.colegiolasalledepuebla.edu.mx\/wordpress\/wp-json\/wp\/v2\/types\/page"}],"author":[{"embeddable":true,"href":"https:\/\/test.colegiolasalledepuebla.edu.mx\/wordpress\/wp-json\/wp\/v2\/users\/1"}],"replies":[{"embeddable":true,"href":"https:\/\/test.colegiolasalledepuebla.edu.mx\/wordpress\/wp-json\/wp\/v2\/comments?post=285"}],"version-history":[{"count":3,"href":"https:\/\/test.colegiolasalledepuebla.edu.mx\/wordpress\/wp-json\/wp\/v2\/pages\/285\/revisions"}],"predecessor-version":[{"id":302,"href":"https:\/\/test.colegiolasalledepuebla.edu.mx\/wordpress\/wp-json\/wp\/v2\/pages\/285\/revisions\/302"}],"wp:attachment":[{"href":"https:\/\/test.colegiolasalledepuebla.edu.mx\/wordpress\/wp-json\/wp\/v2\/media?parent=285"}],"curies":[{"name":"wp","href":"https:\/\/api.w.org\/{rel}","templated":true}]}}