{"id":286,"date":"2021-02-22T13:41:08","date_gmt":"2021-02-22T19:41:08","guid":{"rendered":"http:\/\/test.colegiolasalledepuebla.edu.mx\/wordpress\/?page_id=286"},"modified":"2021-02-22T13:41:09","modified_gmt":"2021-02-22T19:41:09","slug":"filosofia-institucional","status":"publish","type":"page","link":"https:\/\/test.colegiolasalledepuebla.edu.mx\/wordpress\/filosofia-institucional\/","title":{"rendered":"FILOSOFIA INSTITUCIONAL"},"content":{"rendered":"\n<p>La Comunidad Lasallista en M\u00e9xico es fiel al Proyecto Vital de La Salle al crear Escuelas Cristianas que permitan acercarnos al principio evang\u00e9lico: \u201cSed perfectos, como mi Padre Celestial es perfecto\u201d (Mt. 5,48); recrea y anima \u201cjuntos y por asociaci\u00f3n\u201d y centros educativos, principalmente escuelas, que permiten a sus integrantes (Comunidad Educativa) convertirse en Comunidad Educadora y as\u00ed progresar en la formaci\u00f3n integral de la persona, en el bienestar social \u201cy en el proceso salv\u00edfico\u201d, seg\u00fan el proyecto de De La Salle.<br>&nbsp;<\/p>\n\n\n\n<h2 class=\"wp-block-heading\">MISI\u00d3N<\/h2>\n\n\n\n<p>\u00abFormar humana y cristianamente l\u00edderes sociales para el servicio de la comunidad\u00bb.<\/p>\n\n\n\n<p>Para lograrlo es necesario que:<\/p>\n\n\n\n<p>La educaci\u00f3n est\u00e9 basada en los aspectos espiritual, moral, psicol\u00f3gico, cognitivo, afectivo, est\u00e9tico, f\u00edsico y social, para el desarrollo arm\u00f3nico y crecimiento en valores universales, proyectados en la promoci\u00f3n de la justicia, el liderazgo a favor de la dignidad de la persona y el servicio al ser humano, especialmente al m\u00e1s necesitado.<\/p>\n\n\n\n<h2 class=\"wp-block-heading\">VISI\u00d3N<\/h2>\n\n\n\n<p>Ser una Instituci\u00f3n Educativa Lasallista que se distingue por:<\/p>\n\n\n\n<ul><li>Su compromiso con la formaci\u00f3n, desarrollo, crecimiento y promoci\u00f3n de la persona humana y su dignidad.<\/li><li>La vivencia de valores humanos y cristianos dentro y fuera de la Comunidad Educativa.<\/li><li>La b\u00fasqueda constante de la verdad, la apropiaci\u00f3n del saber y la difusi\u00f3n y enriquecimiento de la cultura.<\/li><li>Formar l\u00edderes sociales con pensamiento reflexivo, cr\u00edtico y aut\u00f3nomo, y, que ejercen la libertad responsablemente en beneficio propio y de los dem\u00e1s<\/li><li>Brindar una educaci\u00f3n innovadora y de calidad encaminada a la excelencia acad\u00e9mica.<\/li><li>Responder a los retos y a las exigencias de la sociedad actual.<\/li><\/ul>\n\n\n\n<h2 class=\"wp-block-heading\">VALORES<\/h2>\n\n\n\n<ul><li>Los Centros Educativos Lasallistas buscan desarrollar en los alumnos y alumnas valores c\u00edvicos, \u00e9ticos y cristianos:<\/li><li>Valores c\u00edvicos: el amor, el servicio a la Patria y el sentido de democracia.<\/li><li>Valores \u00e9ticos y\/o morales: la justicia, la fraternidad, una mejor convivencia humana, la solidaridad, la integridad de la familia, la responsabilidad social y el respeto a otras culturas y formas de pensar.<\/li><li>Valores cristianos : la verdad y la libertad, el Don de la Fe, el amor a Dios, el testimonio de Santidad, la esperanza en el Reino de Dios, la fidelidad a la Iglesia y el sentido de trascendencia (\u201cVida Eterna\u201d).<\/li><\/ul>\n","protected":false},"excerpt":{"rendered":"<p>La Comunidad Lasallista en M\u00e9xico es fiel al Proyecto Vital de La Salle al crear Escuelas Cristianas que permitan acercarnos al principio evang\u00e9lico: \u201cSed perfectos, como mi Padre Celestial es perfecto\u201d (Mt. 5,48); recrea y anima \u201cjuntos y por asociaci\u00f3n\u201d y centros educativos, principalmente escuelas, que permiten a sus integrantes (Comunidad Educativa) convertirse en Comunidad Educadora y as\u00ed progresar en la formaci\u00f3n integral de la persona, en el bienestar social \u201cy en el proceso salv\u00edfico\u201d, seg\u00fan el proyecto de De La Salle.&nbsp; MISI\u00d3N \u00abFormar humana y cristianamente l\u00edderes sociales para&hellip;<\/p>\n","protected":false},"author":1,"featured_media":0,"parent":0,"menu_order":0,"comment_status":"closed","ping_status":"closed","template":"","meta":[],"_links":{"self":[{"href":"https:\/\/test.colegiolasalledepuebla.edu.mx\/wordpress\/wp-json\/wp\/v2\/pages\/286"}],"collection":[{"href":"https:\/\/test.colegiolasalledepuebla.edu.mx\/wordpress\/wp-json\/wp\/v2\/pages"}],"about":[{"href":"https:\/\/test.colegiolasalledepuebla.edu.mx\/wordpress\/wp-json\/wp\/v2\/types\/page"}],"author":[{"embeddable":true,"href":"https:\/\/test.colegiolasalledepuebla.edu.mx\/wordpress\/wp-json\/wp\/v2\/users\/1"}],"replies":[{"embeddable":true,"href":"https:\/\/test.colegiolasalledepuebla.edu.mx\/wordpress\/wp-json\/wp\/v2\/comments?post=286"}],"version-history":[{"count":1,"href":"https:\/\/test.colegiolasalledepuebla.edu.mx\/wordpress\/wp-json\/wp\/v2\/pages\/286\/revisions"}],"predecessor-version":[{"id":293,"href":"https:\/\/test.colegiolasalledepuebla.edu.mx\/wordpress\/wp-json\/wp\/v2\/pages\/286\/revisions\/293"}],"wp:attachment":[{"href":"https:\/\/test.colegiolasalledepuebla.edu.mx\/wordpress\/wp-json\/wp\/v2\/media?parent=286"}],"curies":[{"name":"wp","href":"https:\/\/api.w.org\/{rel}","templated":true}]}}