{"id":288,"date":"2021-02-22T13:39:16","date_gmt":"2021-02-22T19:39:16","guid":{"rendered":"http:\/\/test.colegiolasalledepuebla.edu.mx\/wordpress\/?page_id=288"},"modified":"2021-02-22T13:44:51","modified_gmt":"2021-02-22T19:44:51","slug":"aviso-de-privacidad","status":"publish","type":"page","link":"https:\/\/test.colegiolasalledepuebla.edu.mx\/wordpress\/aviso-de-privacidad\/","title":{"rendered":"AVISO DE PRIVACIDAD"},"content":{"rendered":"\n<p><strong>Aviso de Privacidad.<\/strong><\/p>\n\n\n\n<p>I. Responsable de la protecci\u00f3n de sus datos personales.&nbsp;<\/p>\n\n\n\n<p>El Colegio La Salle de Puebla A.C. (Colegio La Salle Puebla), con domicilio en 35 Oriente No. 2807, Colonia Alseseca. Puebla, Puebla. C.P. 72540, es responsable del tratamiento de sus datos personales en t\u00e9rminos de lo establecido por la Ley Federal de Protecci\u00f3n de Datos Personales en Posesi\u00f3n de Particulares (LFPDPPP).\u00a0\u200b<\/p>\n\n\n\n<p>II. Datos personales recabados en el sobre de inscripci\u00f3n.&nbsp;<\/p>\n\n\n\n<p>El Colegio La Salle Puebla recaba datos personales y documentos en los diferentes formatos que integran el \u201cSobre de Inscripci\u00f3n\u201d, tales como: nombre del alumno(a), domicilio, fecha de nacimiento, nombres de familiares que estudien en el colegio, escuela de procedencia y nombre de los padres de familia del alumno, CURP, grado de estudios, ocupaci\u00f3n, empresa, tel\u00e9fono fijo y m\u00f3vil, as\u00ed como datos de un contacto que apoye en caso de emergencia.\u00a0<\/p>\n\n\n\n<p>III. Finalidades del tratamiento de los datos personales recabados.&nbsp;<\/p>\n\n\n\n<p>Los datos personales recabados por el Colegio ser\u00e1n tratados con la finalidad esencial de poder realizar los tr\u00e1mites de inscripci\u00f3n tanto internos (administrativos), como ante las autoridades educativas federales (SEP), y del Estado de Puebla, as\u00ed como para darle a los alumnos y padres de familia acceso a los diversos servicios que la instituci\u00f3n ha dise\u00f1ado para su atenci\u00f3n y desarrollo.\u00a0<\/p>\n\n\n\n<p>IV. Ejercicio de los Derechos de Acceso, Rectificaci\u00f3n, Cancelaci\u00f3n y Oposici\u00f3n y medios para consultar el Aviso Integral.&nbsp;<\/p>\n\n\n\n<p>Para el ejercicio de sus derechos de Acceso, Rectificaci\u00f3n, Cancelaci\u00f3n y Oposici\u00f3n (ARCO), as\u00ed como para revocar su consentimiento, puede enviar su solicitud v\u00eda correo a la direcci\u00f3n:&nbsp;<object height=\"0\"><\/object>&nbsp;o personalmente en nuestra oficina de privacidad ubicada en el domicilio se\u00f1alado en el apartado I. del presente aviso. Si desea saber m\u00e1s sobre el tratamiento de los datos personales que realiza el colegio, ponemos a su disposici\u00f3n nuestro aviso integral de privacidad en el sitio web:&nbsp;<a href=\"http:\/\/www.colegiolasalledepuebla.edu.mx\/\" target=\"_blank\" rel=\"noreferrer noopener\">www.colegiolasalledepuebla.edu.mx<\/a><\/p>\n\n\n\n<p>Este Aviso de Privacidad est\u00e1 vigente desde el primero de enero del a\u00f1o dos mil once y podr\u00e1 ser modificado por el Colegio, en forma discrecional. Si tiene alguna duda sobre el contenido, interpretaci\u00f3n o alcance de este aviso puede contactar a nuestra Oficina de Privacidad.<\/p>\n\n\n\n<p class=\"has-text-align-right\">\u200b\u00daltima actualizaci\u00f3n: 1o de marzo de 2020\u00a0<\/p>\n","protected":false},"excerpt":{"rendered":"<p>Aviso de Privacidad. I. Responsable de la protecci\u00f3n de sus datos personales.&nbsp; El Colegio La Salle de Puebla A.C. (Colegio La Salle Puebla), con domicilio en 35 Oriente No. 2807, Colonia Alseseca. Puebla, Puebla. C.P. 72540, es responsable del tratamiento de sus datos personales en t\u00e9rminos de lo establecido por la Ley Federal de Protecci\u00f3n de Datos Personales en Posesi\u00f3n de Particulares (LFPDPPP).\u00a0\u200b II. Datos personales recabados en el sobre de inscripci\u00f3n.&nbsp; El Colegio La Salle Puebla recaba datos personales y documentos en los diferentes formatos que integran el \u201cSobre&hellip;<\/p>\n","protected":false},"author":1,"featured_media":0,"parent":0,"menu_order":0,"comment_status":"closed","ping_status":"closed","template":"","meta":[],"_links":{"self":[{"href":"https:\/\/test.colegiolasalledepuebla.edu.mx\/wordpress\/wp-json\/wp\/v2\/pages\/288"}],"collection":[{"href":"https:\/\/test.colegiolasalledepuebla.edu.mx\/wordpress\/wp-json\/wp\/v2\/pages"}],"about":[{"href":"https:\/\/test.colegiolasalledepuebla.edu.mx\/wordpress\/wp-json\/wp\/v2\/types\/page"}],"author":[{"embeddable":true,"href":"https:\/\/test.colegiolasalledepuebla.edu.mx\/wordpress\/wp-json\/wp\/v2\/users\/1"}],"replies":[{"embeddable":true,"href":"https:\/\/test.colegiolasalledepuebla.edu.mx\/wordpress\/wp-json\/wp\/v2\/comments?post=288"}],"version-history":[{"count":2,"href":"https:\/\/test.colegiolasalledepuebla.edu.mx\/wordpress\/wp-json\/wp\/v2\/pages\/288\/revisions"}],"predecessor-version":[{"id":304,"href":"https:\/\/test.colegiolasalledepuebla.edu.mx\/wordpress\/wp-json\/wp\/v2\/pages\/288\/revisions\/304"}],"wp:attachment":[{"href":"https:\/\/test.colegiolasalledepuebla.edu.mx\/wordpress\/wp-json\/wp\/v2\/media?parent=288"}],"curies":[{"name":"wp","href":"https:\/\/api.w.org\/{rel}","templated":true}]}}