{"id":307,"date":"2021-02-22T13:49:54","date_gmt":"2021-02-22T19:49:54","guid":{"rendered":"http:\/\/test.colegiolasalledepuebla.edu.mx\/wordpress\/?page_id=307"},"modified":"2021-02-22T13:53:22","modified_gmt":"2021-02-22T19:53:22","slug":"admisiones","status":"publish","type":"page","link":"https:\/\/test.colegiolasalledepuebla.edu.mx\/wordpress\/admisiones\/","title":{"rendered":"ADMISIONES"},"content":{"rendered":"\n<h1 class=\"wp-block-heading\">PROCEDIMIENTO PARA ADQUIRIR LOS \u00daTILES ESCOLARES.<\/h1>\n\n\n\n<h1 class=\"wp-block-heading\">CURSO 2020 \u2013 2021.<\/h1>\n\n\n\n<p>1. Reciba la lista de \u00fatiles curso 2020 \u2013 2021.<\/p>\n\n\n\n<p>\u200b2. Imprima la lista.\u200b<\/p>\n\n\n\n<p>3. Lea detenidamente, imprima y seleccione los materiales que quiere adquirir con nosotros, son los que tienen el precio enfrente, m\u00e1rquelos con un resaltador color claro.<\/p>\n\n\n\n<p>4. Sume el total que genera su pedido, y en el rengl\u00f3n correspondiente escriba la cantidad correspondiente al 50% del total.<\/p>\n\n\n\n<p>5. Haga el dep\u00f3sito o transferencia en la cuenta Banamex: 70003-3029258, a nombre de Colegio La Salle de Puebla A. C. Para trasferencia interbancaria clave 002180700330292586 (Anotar en el comprobante, fecha del pago, nombre del alumno, secci\u00f3n, grado y grupo).<\/p>\n\n\n\n<p>\u200b6. Escanee o tome fotograf\u00eda de la lista y del comprobante del dep\u00f3sito y h\u00e1galo llegar a los correos que se indican, seg\u00fan el nivel de estudios de su hijo (a):<\/p>\n\n\n\n<p>\u200b<strong>Preescolar:&nbsp;<\/strong><a href=\"mailto:norma.romero@colegiolasalledepuebla.edu.mx\">norma.romero@colegiolasalledepuebla.edu.mx<\/a>&nbsp;<\/p>\n\n\n\n<p><strong>Primaria:<\/strong>&nbsp;<a href=\"mailto:adriana.guevara@colegiolasalledepuebla.edu.mx\">adriana.guevara@colegiolasalledepuebla.edu.mx<\/a>&nbsp;<\/p>\n\n\n\n<p><strong>Secundaria:<\/strong>&nbsp;<a href=\"mailto:Claudia.molina@colegiolasalledepuebla.edu.mx\">Claudia.molina@colegiolasalledepuebla.edu.mx<\/a>&nbsp;<\/p>\n\n\n\n<p>\u200b7. Puede solicitar su pedido del 6 al 17 de julio hasta las 1400 horas, despu\u00e9s no hay posibilidad de solicitar los materiales.<\/p>\n\n\n\n<p>8. La entrega de los \u00fatiles se har\u00e1 al inicio del curso, pues el confinamiento, continuar\u00e1 hasta que las autoridades civiles y sanitarias indiquen, que finaliza.<\/p>\n\n\n\n<p>\u200b<strong>NOTA:<\/strong>&nbsp;Recordamos que est\u00e1n en completa libertad de adquirir los \u00fatiles donde ustedes decidan. Este es un servicio que el Colegio ofrece a todos aquellos que quieran aprovecharlo y es sin fines de lucro.<\/p>\n\n\n\n<p class=\"has-text-align-right\">\u200b<strong>Atentamente.<\/strong><\/p>\n\n\n\n<p class=\"has-text-align-right\">Mtro. Juan Jos\u00e9 Garc\u00eda Melo.<\/p>\n\n\n\n<p class=\"has-text-align-right\"><strong>Director General.<\/strong><\/p>\n\n\n\n<figure class=\"wp-block-image\"><img decoding=\"async\" src=\"https:\/\/static.wixstatic.com\/media\/b1c570_af2c602fb81a4331bc8d1f6e6baf632d~mv2.png\/v1\/fill\/w_1152,h_323,al_c\/Admisiones%20salle.png\" alt=\"Admisiones salle.png\"\/><\/figure>\n\n\n\n<p><\/p>\n","protected":false},"excerpt":{"rendered":"<p>PROCEDIMIENTO PARA ADQUIRIR LOS \u00daTILES ESCOLARES. CURSO 2020 \u2013 2021. 1. Reciba la lista de \u00fatiles curso 2020 \u2013 2021. \u200b2. Imprima la lista.\u200b 3. Lea detenidamente, imprima y seleccione los materiales que quiere adquirir con nosotros, son los que tienen el precio enfrente, m\u00e1rquelos con un resaltador color claro. 4. Sume el total que genera su pedido, y en el rengl\u00f3n correspondiente escriba la cantidad correspondiente al 50% del total. 5. Haga el dep\u00f3sito o transferencia en la cuenta Banamex: 70003-3029258, a nombre de Colegio La Salle de Puebla&hellip;<\/p>\n","protected":false},"author":1,"featured_media":0,"parent":0,"menu_order":0,"comment_status":"closed","ping_status":"closed","template":"","meta":[],"_links":{"self":[{"href":"https:\/\/test.colegiolasalledepuebla.edu.mx\/wordpress\/wp-json\/wp\/v2\/pages\/307"}],"collection":[{"href":"https:\/\/test.colegiolasalledepuebla.edu.mx\/wordpress\/wp-json\/wp\/v2\/pages"}],"about":[{"href":"https:\/\/test.colegiolasalledepuebla.edu.mx\/wordpress\/wp-json\/wp\/v2\/types\/page"}],"author":[{"embeddable":true,"href":"https:\/\/test.colegiolasalledepuebla.edu.mx\/wordpress\/wp-json\/wp\/v2\/users\/1"}],"replies":[{"embeddable":true,"href":"https:\/\/test.colegiolasalledepuebla.edu.mx\/wordpress\/wp-json\/wp\/v2\/comments?post=307"}],"version-history":[{"count":2,"href":"https:\/\/test.colegiolasalledepuebla.edu.mx\/wordpress\/wp-json\/wp\/v2\/pages\/307\/revisions"}],"predecessor-version":[{"id":315,"href":"https:\/\/test.colegiolasalledepuebla.edu.mx\/wordpress\/wp-json\/wp\/v2\/pages\/307\/revisions\/315"}],"wp:attachment":[{"href":"https:\/\/test.colegiolasalledepuebla.edu.mx\/wordpress\/wp-json\/wp\/v2\/media?parent=307"}],"curies":[{"name":"wp","href":"https:\/\/api.w.org\/{rel}","templated":true}]}}