{"id":325,"date":"2021-02-23T19:29:02","date_gmt":"2021-02-24T01:29:02","guid":{"rendered":"http:\/\/test.colegiolasalledepuebla.edu.mx\/wordpress\/?page_id=325"},"modified":"2021-02-23T19:31:53","modified_gmt":"2021-02-24T01:31:53","slug":"preescolar-perfil-de-egreso","status":"publish","type":"page","link":"https:\/\/test.colegiolasalledepuebla.edu.mx\/wordpress\/preescolar-perfil-de-egreso\/","title":{"rendered":"PERFIL DE EGRESO"},"content":{"rendered":"\n<p>El educando descubre su mundo natural y social, expresando sentimientos a trav\u00e9s del di\u00e1logo, reconoci\u00e9ndose a s\u00ed mismo como una persona especial, amada por Dios. Desarrolla sus habilidades l\u00f3gico-matem\u00e1ticas, motrices y verbales.<\/p>\n\n\n\n<p>Alumno de Preescolar.<\/p>\n\n\n\n<ul><li>Descubre su mundo natural y social<\/li><li>Expresa sentimientos dialogando<\/li><li>Desarrolla habilidades l\u00f3gico-matem\u00e1ticas<\/li><li>Desarrolla habilidades motrices<\/li><li>Desarrolla habilidades verbales.&nbsp;<\/li><li>Sabe que es especial y amado por Dios.<\/li><\/ul>\n","protected":false},"excerpt":{"rendered":"<p>El educando descubre su mundo natural y social, expresando sentimientos a trav\u00e9s del di\u00e1logo, reconoci\u00e9ndose a s\u00ed mismo como una persona especial, amada por Dios. Desarrolla sus habilidades l\u00f3gico-matem\u00e1ticas, motrices y verbales. Alumno de Preescolar. Descubre su mundo natural y social Expresa sentimientos dialogando Desarrolla habilidades l\u00f3gico-matem\u00e1ticas Desarrolla habilidades motrices Desarrolla habilidades verbales.&nbsp; Sabe que es especial y amado por Dios.<\/p>\n","protected":false},"author":1,"featured_media":0,"parent":0,"menu_order":0,"comment_status":"closed","ping_status":"closed","template":"","meta":[],"_links":{"self":[{"href":"https:\/\/test.colegiolasalledepuebla.edu.mx\/wordpress\/wp-json\/wp\/v2\/pages\/325"}],"collection":[{"href":"https:\/\/test.colegiolasalledepuebla.edu.mx\/wordpress\/wp-json\/wp\/v2\/pages"}],"about":[{"href":"https:\/\/test.colegiolasalledepuebla.edu.mx\/wordpress\/wp-json\/wp\/v2\/types\/page"}],"author":[{"embeddable":true,"href":"https:\/\/test.colegiolasalledepuebla.edu.mx\/wordpress\/wp-json\/wp\/v2\/users\/1"}],"replies":[{"embeddable":true,"href":"https:\/\/test.colegiolasalledepuebla.edu.mx\/wordpress\/wp-json\/wp\/v2\/comments?post=325"}],"version-history":[{"count":3,"href":"https:\/\/test.colegiolasalledepuebla.edu.mx\/wordpress\/wp-json\/wp\/v2\/pages\/325\/revisions"}],"predecessor-version":[{"id":339,"href":"https:\/\/test.colegiolasalledepuebla.edu.mx\/wordpress\/wp-json\/wp\/v2\/pages\/325\/revisions\/339"}],"wp:attachment":[{"href":"https:\/\/test.colegiolasalledepuebla.edu.mx\/wordpress\/wp-json\/wp\/v2\/media?parent=325"}],"curies":[{"name":"wp","href":"https:\/\/api.w.org\/{rel}","templated":true}]}}