{"id":326,"date":"2021-02-23T19:28:47","date_gmt":"2021-02-24T01:28:47","guid":{"rendered":"http:\/\/test.colegiolasalledepuebla.edu.mx\/wordpress\/?page_id=326"},"modified":"2021-02-23T19:32:20","modified_gmt":"2021-02-24T01:32:20","slug":"preescolar-actividades-extracurriculares","status":"publish","type":"page","link":"https:\/\/test.colegiolasalledepuebla.edu.mx\/wordpress\/preescolar-actividades-extracurriculares\/","title":{"rendered":"ACTIVIDADES EXTRACURRICULARES"},"content":{"rendered":"\n<p>El educando descubre su mundo natural y social, expresando sentimientos a trav\u00e9s del di\u00e1logo, reconoci\u00e9ndose a s\u00ed mismo como una persona especial,<\/p>\n\n\n\n<p>Culturales, sociales y deportivas.<\/p>\n\n\n\n<ul><li>Retiros con los alumnos.<\/li><li>Grupo de Oraci\u00f3n \u201cSan Benildo\u201d<\/li><li>Misas, pl\u00e1ticas para alumnos y padres de familia.&nbsp;<\/li><\/ul>\n\n\n\n<p>\u200bPara los padres de familia de la secci\u00f3n se brindan cursos, talleres, observaci\u00f3n de clases abiertas y festivales.<\/p>\n\n\n\n<p>amada por Dios. Desarrolla sus habilidades l\u00f3gico-matem\u00e1ticas, motrices y verbales.<\/p>\n","protected":false},"excerpt":{"rendered":"<p>El educando descubre su mundo natural y social, expresando sentimientos a trav\u00e9s del di\u00e1logo, reconoci\u00e9ndose a s\u00ed mismo como una persona especial, Culturales, sociales y deportivas. Retiros con los alumnos. Grupo de Oraci\u00f3n \u201cSan Benildo\u201d Misas, pl\u00e1ticas para alumnos y padres de familia.&nbsp; \u200bPara los padres de familia de la secci\u00f3n se brindan cursos, talleres, observaci\u00f3n de clases abiertas y festivales. amada por Dios. Desarrolla sus habilidades l\u00f3gico-matem\u00e1ticas, motrices y verbales.<\/p>\n","protected":false},"author":1,"featured_media":0,"parent":0,"menu_order":0,"comment_status":"closed","ping_status":"closed","template":"","meta":[],"_links":{"self":[{"href":"https:\/\/test.colegiolasalledepuebla.edu.mx\/wordpress\/wp-json\/wp\/v2\/pages\/326"}],"collection":[{"href":"https:\/\/test.colegiolasalledepuebla.edu.mx\/wordpress\/wp-json\/wp\/v2\/pages"}],"about":[{"href":"https:\/\/test.colegiolasalledepuebla.edu.mx\/wordpress\/wp-json\/wp\/v2\/types\/page"}],"author":[{"embeddable":true,"href":"https:\/\/test.colegiolasalledepuebla.edu.mx\/wordpress\/wp-json\/wp\/v2\/users\/1"}],"replies":[{"embeddable":true,"href":"https:\/\/test.colegiolasalledepuebla.edu.mx\/wordpress\/wp-json\/wp\/v2\/comments?post=326"}],"version-history":[{"count":2,"href":"https:\/\/test.colegiolasalledepuebla.edu.mx\/wordpress\/wp-json\/wp\/v2\/pages\/326\/revisions"}],"predecessor-version":[{"id":340,"href":"https:\/\/test.colegiolasalledepuebla.edu.mx\/wordpress\/wp-json\/wp\/v2\/pages\/326\/revisions\/340"}],"wp:attachment":[{"href":"https:\/\/test.colegiolasalledepuebla.edu.mx\/wordpress\/wp-json\/wp\/v2\/media?parent=326"}],"curies":[{"name":"wp","href":"https:\/\/api.w.org\/{rel}","templated":true}]}}