{"id":327,"date":"2021-02-23T19:28:41","date_gmt":"2021-02-24T01:28:41","guid":{"rendered":"http:\/\/test.colegiolasalledepuebla.edu.mx\/wordpress\/?page_id=327"},"modified":"2021-02-23T19:32:57","modified_gmt":"2021-02-24T01:32:57","slug":"preescolar-servicio-e-instalaciones","status":"publish","type":"page","link":"https:\/\/test.colegiolasalledepuebla.edu.mx\/wordpress\/preescolar-servicio-e-instalaciones\/","title":{"rendered":"SERVICIO E INSTALACIONES"},"content":{"rendered":"\n<ul><li>Salones adecuados.<\/li><li>Sal\u00f3n de Psicomotricidad bien equipado y con todos los materiales necesarios para fortalecer motricidad fina y gruesa.<\/li><li>Sal\u00f3n de Formaci\u00f3n Humana.<\/li><li>Sal\u00f3n de Computaci\u00f3n.<\/li><li>Sal\u00f3n de Arte<\/li><li>\u00c1rea de juegos infantiles<\/li><li>Con arenero cubierto y \u00e1reas de interacci\u00f3n.<\/li><li>SUM (Sal\u00f3n de usos m\u00faltiples)<\/li><li>Plataforma Google G Suite for education.<\/li><\/ul>\n","protected":false},"excerpt":{"rendered":"<p>Salones adecuados. Sal\u00f3n de Psicomotricidad bien equipado y con todos los materiales necesarios para fortalecer motricidad fina y gruesa. Sal\u00f3n de Formaci\u00f3n Humana. Sal\u00f3n de Computaci\u00f3n. Sal\u00f3n de Arte \u00c1rea de juegos infantiles Con arenero cubierto y \u00e1reas de interacci\u00f3n. SUM (Sal\u00f3n de usos m\u00faltiples) Plataforma Google G Suite for education.<\/p>\n","protected":false},"author":1,"featured_media":0,"parent":0,"menu_order":0,"comment_status":"closed","ping_status":"closed","template":"","meta":[],"_links":{"self":[{"href":"https:\/\/test.colegiolasalledepuebla.edu.mx\/wordpress\/wp-json\/wp\/v2\/pages\/327"}],"collection":[{"href":"https:\/\/test.colegiolasalledepuebla.edu.mx\/wordpress\/wp-json\/wp\/v2\/pages"}],"about":[{"href":"https:\/\/test.colegiolasalledepuebla.edu.mx\/wordpress\/wp-json\/wp\/v2\/types\/page"}],"author":[{"embeddable":true,"href":"https:\/\/test.colegiolasalledepuebla.edu.mx\/wordpress\/wp-json\/wp\/v2\/users\/1"}],"replies":[{"embeddable":true,"href":"https:\/\/test.colegiolasalledepuebla.edu.mx\/wordpress\/wp-json\/wp\/v2\/comments?post=327"}],"version-history":[{"count":2,"href":"https:\/\/test.colegiolasalledepuebla.edu.mx\/wordpress\/wp-json\/wp\/v2\/pages\/327\/revisions"}],"predecessor-version":[{"id":341,"href":"https:\/\/test.colegiolasalledepuebla.edu.mx\/wordpress\/wp-json\/wp\/v2\/pages\/327\/revisions\/341"}],"wp:attachment":[{"href":"https:\/\/test.colegiolasalledepuebla.edu.mx\/wordpress\/wp-json\/wp\/v2\/media?parent=327"}],"curies":[{"name":"wp","href":"https:\/\/api.w.org\/{rel}","templated":true}]}}