{"id":348,"date":"2021-02-23T19:36:50","date_gmt":"2021-02-24T01:36:50","guid":{"rendered":"http:\/\/test.colegiolasalledepuebla.edu.mx\/wordpress\/?page_id=348"},"modified":"2021-02-23T19:56:05","modified_gmt":"2021-02-24T01:56:05","slug":"primaria-actividades-extracurriculares","status":"publish","type":"page","link":"https:\/\/test.colegiolasalledepuebla.edu.mx\/wordpress\/primaria-actividades-extracurriculares\/","title":{"rendered":"ACTIVIDADES EXTRACURRICULARES"},"content":{"rendered":"\n<p>Culturales.<\/p>\n\n\n\n<p>M\u00fasica<\/p>\n\n\n\n<p>Danza<\/p>\n\n\n\n<p>Franc\u00e9s&nbsp;<\/p>\n\n\n\n<p>Orquesta.<\/p>\n\n\n\n<p>Deportivas.<\/p>\n\n\n\n<p>F\u00fatbol.<\/p>\n\n\n\n<p>Basquetbol<\/p>\n\n\n\n<p>Voleibol.<\/p>\n\n\n\n<p>TKD<\/p>\n","protected":false},"excerpt":{"rendered":"<p>Culturales. M\u00fasica Danza Franc\u00e9s&nbsp; Orquesta. Deportivas. F\u00fatbol. Basquetbol Voleibol. TKD<\/p>\n","protected":false},"author":1,"featured_media":0,"parent":0,"menu_order":0,"comment_status":"closed","ping_status":"closed","template":"","meta":[],"_links":{"self":[{"href":"https:\/\/test.colegiolasalledepuebla.edu.mx\/wordpress\/wp-json\/wp\/v2\/pages\/348"}],"collection":[{"href":"https:\/\/test.colegiolasalledepuebla.edu.mx\/wordpress\/wp-json\/wp\/v2\/pages"}],"about":[{"href":"https:\/\/test.colegiolasalledepuebla.edu.mx\/wordpress\/wp-json\/wp\/v2\/types\/page"}],"author":[{"embeddable":true,"href":"https:\/\/test.colegiolasalledepuebla.edu.mx\/wordpress\/wp-json\/wp\/v2\/users\/1"}],"replies":[{"embeddable":true,"href":"https:\/\/test.colegiolasalledepuebla.edu.mx\/wordpress\/wp-json\/wp\/v2\/comments?post=348"}],"version-history":[{"count":2,"href":"https:\/\/test.colegiolasalledepuebla.edu.mx\/wordpress\/wp-json\/wp\/v2\/pages\/348\/revisions"}],"predecessor-version":[{"id":398,"href":"https:\/\/test.colegiolasalledepuebla.edu.mx\/wordpress\/wp-json\/wp\/v2\/pages\/348\/revisions\/398"}],"wp:attachment":[{"href":"https:\/\/test.colegiolasalledepuebla.edu.mx\/wordpress\/wp-json\/wp\/v2\/media?parent=348"}],"curies":[{"name":"wp","href":"https:\/\/api.w.org\/{rel}","templated":true}]}}