{"id":351,"date":"2021-02-23T19:36:20","date_gmt":"2021-02-24T01:36:20","guid":{"rendered":"http:\/\/test.colegiolasalledepuebla.edu.mx\/wordpress\/?page_id=351"},"modified":"2021-02-23T19:55:17","modified_gmt":"2021-02-24T01:55:17","slug":"primaria-perfil-de-egreso","status":"publish","type":"page","link":"https:\/\/test.colegiolasalledepuebla.edu.mx\/wordpress\/primaria-perfil-de-egreso\/","title":{"rendered":"PERFIL DE EGRESO"},"content":{"rendered":"\n<p>El educando valora la diversidad natural y social, expres\u00e1ndose de manera oral y escrita, resolviendo problemas matem\u00e1ticos y situaciones de su vida diaria. Fortalece su identidad personal cuidando su salud y respetando normas, comunic\u00e1ndose con Dios por medio de la catequesis.<\/p>\n\n\n\n<figure class=\"wp-block-image\"><img decoding=\"async\" src=\"https:\/\/static.wixstatic.com\/media\/b1c570_1a5a5e14456d474cbf5364bb41f6e6ae~mv2.jpeg\/v1\/fill\/w_692,h_415,al_c,q_80,usm_0.66_1.00_0.01\/WhatsApp%20Image%202020-05-26%20at%204_29_09%20PM_.webp\" alt=\"WhatsApp Image 2020-05-26 at 4.29.09 PM.\"\/><\/figure>\n\n\n\n<p>El alumno de primaria, al t\u00e9rmino de la etapa:<\/p>\n\n\n\n<p>Es capaz de resolver problemas.<\/p>\n\n\n\n<p>Fortalece su identidad personal.<\/p>\n\n\n\n<p>Se respeta a s\u00ed mismo y a los dem\u00e1s.<\/p>\n\n\n\n<p>Valora la diversidad natural y social.<\/p>\n\n\n\n<p>Maneja la expresi\u00f3n oral y escrita.<\/p>\n\n\n\n<p>Se comunica con Dios por medio de su religiosidad<\/p>\n","protected":false},"excerpt":{"rendered":"<p>El educando valora la diversidad natural y social, expres\u00e1ndose de manera oral y escrita, resolviendo problemas matem\u00e1ticos y situaciones de su vida diaria. Fortalece su identidad personal cuidando su salud y respetando normas, comunic\u00e1ndose con Dios por medio de la catequesis. El alumno de primaria, al t\u00e9rmino de la etapa: Es capaz de resolver problemas. Fortalece su identidad personal. Se respeta a s\u00ed mismo y a los dem\u00e1s. Valora la diversidad natural y social. Maneja la expresi\u00f3n oral y escrita. Se comunica con Dios por medio de su religiosidad<\/p>\n","protected":false},"author":1,"featured_media":0,"parent":0,"menu_order":0,"comment_status":"closed","ping_status":"closed","template":"","meta":[],"_links":{"self":[{"href":"https:\/\/test.colegiolasalledepuebla.edu.mx\/wordpress\/wp-json\/wp\/v2\/pages\/351"}],"collection":[{"href":"https:\/\/test.colegiolasalledepuebla.edu.mx\/wordpress\/wp-json\/wp\/v2\/pages"}],"about":[{"href":"https:\/\/test.colegiolasalledepuebla.edu.mx\/wordpress\/wp-json\/wp\/v2\/types\/page"}],"author":[{"embeddable":true,"href":"https:\/\/test.colegiolasalledepuebla.edu.mx\/wordpress\/wp-json\/wp\/v2\/users\/1"}],"replies":[{"embeddable":true,"href":"https:\/\/test.colegiolasalledepuebla.edu.mx\/wordpress\/wp-json\/wp\/v2\/comments?post=351"}],"version-history":[{"count":2,"href":"https:\/\/test.colegiolasalledepuebla.edu.mx\/wordpress\/wp-json\/wp\/v2\/pages\/351\/revisions"}],"predecessor-version":[{"id":396,"href":"https:\/\/test.colegiolasalledepuebla.edu.mx\/wordpress\/wp-json\/wp\/v2\/pages\/351\/revisions\/396"}],"wp:attachment":[{"href":"https:\/\/test.colegiolasalledepuebla.edu.mx\/wordpress\/wp-json\/wp\/v2\/media?parent=351"}],"curies":[{"name":"wp","href":"https:\/\/api.w.org\/{rel}","templated":true}]}}