{"id":363,"date":"2021-02-23T19:39:17","date_gmt":"2021-02-24T01:39:17","guid":{"rendered":"http:\/\/test.colegiolasalledepuebla.edu.mx\/wordpress\/?page_id=363"},"modified":"2021-02-23T19:48:59","modified_gmt":"2021-02-24T01:48:59","slug":"secundaria-perfil-de-egreso","status":"publish","type":"page","link":"https:\/\/test.colegiolasalledepuebla.edu.mx\/wordpress\/secundaria-perfil-de-egreso\/","title":{"rendered":"PERFIL DE EGRESO"},"content":{"rendered":"\n<p>El alumno demuestra habilidades verbales, l\u00f3gico-matem\u00e1ticas, c\u00edvicas, art\u00edsticas y deportivas acordes a su etapa de vida. Es proactivo y sensible a otras realidades, replicando las experiencias de servicio y fraternidad vividas en el colegio, reafirmando su identidad personal y creencia en Dios.<\/p>\n\n\n\n<p>El alumno de Secundaria, al t\u00e9rmino de la etapa:<\/p>\n\n\n\n<p>Reafirma su creencia en Dios<\/p>\n\n\n\n<p>Vive experiencias de servicio y fraternidad<\/p>\n\n\n\n<p>Destreza en habilidades deportivas<\/p>\n\n\n\n<p>Destreza en habilidades art\u00edsticas<\/p>\n\n\n\n<p>Destreza en habilidades verbales y l\u00f3gico-matem\u00e1ticas<\/p>\n","protected":false},"excerpt":{"rendered":"<p>El alumno demuestra habilidades verbales, l\u00f3gico-matem\u00e1ticas, c\u00edvicas, art\u00edsticas y deportivas acordes a su etapa de vida. Es proactivo y sensible a otras realidades, replicando las experiencias de servicio y fraternidad vividas en el colegio, reafirmando su identidad personal y creencia en Dios. El alumno de Secundaria, al t\u00e9rmino de la etapa: Reafirma su creencia en Dios Vive experiencias de servicio y fraternidad Destreza en habilidades deportivas Destreza en habilidades art\u00edsticas Destreza en habilidades verbales y l\u00f3gico-matem\u00e1ticas<\/p>\n","protected":false},"author":1,"featured_media":0,"parent":0,"menu_order":0,"comment_status":"closed","ping_status":"closed","template":"","meta":[],"_links":{"self":[{"href":"https:\/\/test.colegiolasalledepuebla.edu.mx\/wordpress\/wp-json\/wp\/v2\/pages\/363"}],"collection":[{"href":"https:\/\/test.colegiolasalledepuebla.edu.mx\/wordpress\/wp-json\/wp\/v2\/pages"}],"about":[{"href":"https:\/\/test.colegiolasalledepuebla.edu.mx\/wordpress\/wp-json\/wp\/v2\/types\/page"}],"author":[{"embeddable":true,"href":"https:\/\/test.colegiolasalledepuebla.edu.mx\/wordpress\/wp-json\/wp\/v2\/users\/1"}],"replies":[{"embeddable":true,"href":"https:\/\/test.colegiolasalledepuebla.edu.mx\/wordpress\/wp-json\/wp\/v2\/comments?post=363"}],"version-history":[{"count":2,"href":"https:\/\/test.colegiolasalledepuebla.edu.mx\/wordpress\/wp-json\/wp\/v2\/pages\/363\/revisions"}],"predecessor-version":[{"id":389,"href":"https:\/\/test.colegiolasalledepuebla.edu.mx\/wordpress\/wp-json\/wp\/v2\/pages\/363\/revisions\/389"}],"wp:attachment":[{"href":"https:\/\/test.colegiolasalledepuebla.edu.mx\/wordpress\/wp-json\/wp\/v2\/media?parent=363"}],"curies":[{"name":"wp","href":"https:\/\/api.w.org\/{rel}","templated":true}]}}