{"id":365,"date":"2021-02-23T19:39:42","date_gmt":"2021-02-24T01:39:42","guid":{"rendered":"http:\/\/test.colegiolasalledepuebla.edu.mx\/wordpress\/?page_id=365"},"modified":"2021-02-23T19:51:22","modified_gmt":"2021-02-24T01:51:22","slug":"secundaria-actividades-extracurriculares","status":"publish","type":"page","link":"https:\/\/test.colegiolasalledepuebla.edu.mx\/wordpress\/secundaria-actividades-extracurriculares\/","title":{"rendered":"ACTIVIDADES EXTRACURRICULARES"},"content":{"rendered":"\n<div class=\"wp-block-columns is-layout-flex wp-container-3\">\n<div class=\"wp-block-column is-layout-flow\" style=\"flex-basis:50%\">\n<p>Culturales.<\/p>\n\n\n\n<p>Danza<\/p>\n\n\n\n<p>Franc\u00e9s<\/p>\n\n\n\n<p>Ajedrez.<\/p>\n\n\n\n<p>Rob\u00f3tica<\/p>\n\n\n\n<p>Orquesta<\/p>\n\n\n\n<p>Deportivas.<\/p>\n\n\n\n<p>F\u00fatbol.<\/p>\n\n\n\n<p>Basquetbol<\/p>\n\n\n\n<p>Voleibol.<\/p>\n\n\n\n<p>TKD<\/p>\n<\/div>\n\n\n\n<div class=\"wp-block-column is-layout-flow\" style=\"flex-basis:50%\">\n<figure class=\"wp-block-image\"><img decoding=\"async\" src=\"https:\/\/static.wixstatic.com\/media\/b1c570_15d029b9e64145ab8a04e1c795f2f70b~mv2.jpeg\/v1\/fill\/w_578,h_345,al_c,q_80,usm_0.66_1.00_0.01\/WhatsApp%20Image%202020-05-22%20at%209_32_59%20PM_.webp\" alt=\"WhatsApp Image 2020-05-22 at 9.32.59 PM.\"\/><\/figure>\n<\/div>\n<\/div>\n","protected":false},"excerpt":{"rendered":"<p>Culturales. Danza Franc\u00e9s Ajedrez. Rob\u00f3tica Orquesta Deportivas. F\u00fatbol. Basquetbol Voleibol. TKD<\/p>\n","protected":false},"author":1,"featured_media":0,"parent":0,"menu_order":0,"comment_status":"closed","ping_status":"closed","template":"","meta":[],"_links":{"self":[{"href":"https:\/\/test.colegiolasalledepuebla.edu.mx\/wordpress\/wp-json\/wp\/v2\/pages\/365"}],"collection":[{"href":"https:\/\/test.colegiolasalledepuebla.edu.mx\/wordpress\/wp-json\/wp\/v2\/pages"}],"about":[{"href":"https:\/\/test.colegiolasalledepuebla.edu.mx\/wordpress\/wp-json\/wp\/v2\/types\/page"}],"author":[{"embeddable":true,"href":"https:\/\/test.colegiolasalledepuebla.edu.mx\/wordpress\/wp-json\/wp\/v2\/users\/1"}],"replies":[{"embeddable":true,"href":"https:\/\/test.colegiolasalledepuebla.edu.mx\/wordpress\/wp-json\/wp\/v2\/comments?post=365"}],"version-history":[{"count":2,"href":"https:\/\/test.colegiolasalledepuebla.edu.mx\/wordpress\/wp-json\/wp\/v2\/pages\/365\/revisions"}],"predecessor-version":[{"id":391,"href":"https:\/\/test.colegiolasalledepuebla.edu.mx\/wordpress\/wp-json\/wp\/v2\/pages\/365\/revisions\/391"}],"wp:attachment":[{"href":"https:\/\/test.colegiolasalledepuebla.edu.mx\/wordpress\/wp-json\/wp\/v2\/media?parent=365"}],"curies":[{"name":"wp","href":"https:\/\/api.w.org\/{rel}","templated":true}]}}