{"id":366,"date":"2021-02-23T19:40:00","date_gmt":"2021-02-24T01:40:00","guid":{"rendered":"http:\/\/test.colegiolasalledepuebla.edu.mx\/wordpress\/?page_id=366"},"modified":"2021-02-23T19:52:31","modified_gmt":"2021-02-24T01:52:31","slug":"secundaria-servicio-e-instalaciones","status":"publish","type":"page","link":"https:\/\/test.colegiolasalledepuebla.edu.mx\/wordpress\/secundaria-servicio-e-instalaciones\/","title":{"rendered":"SERVICIO E INSTALACIONES"},"content":{"rendered":"\n<div class=\"wp-block-columns is-layout-flex wp-container-3\">\n<div class=\"wp-block-column is-layout-flow\" style=\"flex-basis:50%\">\n<p>Contamos con diversas \u00e1reas donde nuestros alumnos desarrollan sus pr\u00e1cticas formativas:<\/p>\n\n\n\n<p>Salones adecuados.<\/p>\n\n\n\n<p>Laboratorio de biolog\u00eda, f\u00edsica y qu\u00edmica.<\/p>\n\n\n\n<p>Laboratorios de c\u00f3mputo.<\/p>\n\n\n\n<p>Auditorio<\/p>\n\n\n\n<p>Cub\u00edculos para entrevistas<\/p>\n\n\n\n<p>Acompa\u00f1amiento Psicopedag\u00f3gico.<\/p>\n\n\n\n<p>Aula para videoconferencia<\/p>\n\n\n\n<p>Plataforma Google for education<\/p>\n\n\n\n<p>Cafeter\u00eda<\/p>\n\n\n\n<p>Papeler\u00eda<\/p>\n\n\n\n<p>Capilla<\/p>\n\n\n\n<p>Enfermer\u00eda<\/p>\n\n\n\n<p>Canchas de basquetbol, voleibol y f\u00fatbol.<\/p>\n<\/div>\n\n\n\n<div class=\"wp-block-column is-layout-flow\" style=\"flex-basis:50%\"><\/div>\n<\/div>\n","protected":false},"excerpt":{"rendered":"<p>Contamos con diversas \u00e1reas donde nuestros alumnos desarrollan sus pr\u00e1cticas formativas: Salones adecuados. Laboratorio de biolog\u00eda, f\u00edsica y qu\u00edmica. Laboratorios de c\u00f3mputo. Auditorio Cub\u00edculos para entrevistas Acompa\u00f1amiento Psicopedag\u00f3gico. Aula para videoconferencia Plataforma Google for education Cafeter\u00eda Papeler\u00eda Capilla Enfermer\u00eda Canchas de basquetbol, voleibol y f\u00fatbol.<\/p>\n","protected":false},"author":1,"featured_media":0,"parent":0,"menu_order":0,"comment_status":"closed","ping_status":"closed","template":"","meta":[],"_links":{"self":[{"href":"https:\/\/test.colegiolasalledepuebla.edu.mx\/wordpress\/wp-json\/wp\/v2\/pages\/366"}],"collection":[{"href":"https:\/\/test.colegiolasalledepuebla.edu.mx\/wordpress\/wp-json\/wp\/v2\/pages"}],"about":[{"href":"https:\/\/test.colegiolasalledepuebla.edu.mx\/wordpress\/wp-json\/wp\/v2\/types\/page"}],"author":[{"embeddable":true,"href":"https:\/\/test.colegiolasalledepuebla.edu.mx\/wordpress\/wp-json\/wp\/v2\/users\/1"}],"replies":[{"embeddable":true,"href":"https:\/\/test.colegiolasalledepuebla.edu.mx\/wordpress\/wp-json\/wp\/v2\/comments?post=366"}],"version-history":[{"count":2,"href":"https:\/\/test.colegiolasalledepuebla.edu.mx\/wordpress\/wp-json\/wp\/v2\/pages\/366\/revisions"}],"predecessor-version":[{"id":392,"href":"https:\/\/test.colegiolasalledepuebla.edu.mx\/wordpress\/wp-json\/wp\/v2\/pages\/366\/revisions\/392"}],"wp:attachment":[{"href":"https:\/\/test.colegiolasalledepuebla.edu.mx\/wordpress\/wp-json\/wp\/v2\/media?parent=366"}],"curies":[{"name":"wp","href":"https:\/\/api.w.org\/{rel}","templated":true}]}}